{"id":507,"date":"2019-10-22T18:28:49","date_gmt":"2019-10-22T18:28:49","guid":{"rendered":"https:\/\/instanto.org\/euroccoper\/?page_id=507"},"modified":"2022-11-03T12:50:02","modified_gmt":"2022-11-03T10:50:02","slug":"contact","status":"publish","type":"page","link":"https:\/\/euroccoper.ro\/sr\/contact\/","title":{"rendered":"KONTAKT"},"content":{"rendered":"<div id='av-layout-grid-1'  class='av-layout-grid-container av-afea3-b9c6ff0e63d40b2006eb1781efdc066d entry-content-wrapper alternate_color av-flex-cells  avia-builder-el-0  el_before_av_layout_row  avia-builder-el-first   container_wrap fullsize'  >\n\n<style type=\"text\/css\" data-created_by=\"avia_inline_auto\" id=\"style-css-av-k2293yl7-eff1ce5057592bf374b976da68cb4fb1\">\n.flex_cell.av-k2293yl7-eff1ce5057592bf374b976da68cb4fb1{\nvertical-align:top;\n}\n.responsive #top #wrap_all .flex_cell.av-k2293yl7-eff1ce5057592bf374b976da68cb4fb1{\npadding:5% 15% 3% 5% !important;\n}\n<\/style>\n<div class='flex_cell av-k2293yl7-eff1ce5057592bf374b976da68cb4fb1 av-gridrow-cell av_one_full no_margin  avia-builder-el-1  avia-builder-el-no-sibling '  ><div class='flex_cell_inner'><p><div class='flex_column_table av-2n25k-5d3ae8cb9da2144e1c609ff2f2aea571 sc-av_two_fifth av-equal-height-column-flextable'>\n<style type=\"text\/css\" data-created_by=\"avia_inline_auto\" id=\"style-css-av-2n25k-5d3ae8cb9da2144e1c609ff2f2aea571\">\n.flex_column.av-2n25k-5d3ae8cb9da2144e1c609ff2f2aea571{\nborder-radius:0px 0px 0px 0px;\npadding:0px 0px 0px 0px;\n}\n<\/style>\n<div  class='flex_column av-2n25k-5d3ae8cb9da2144e1c609ff2f2aea571 av_two_fifth  avia-builder-el-2  el_before_av_one_half  avia-builder-el-first  first flex_column_table_cell av-equal-height-column av-align-middle av-animated-generic right-to-left av-zero-column-padding  '     ><section  class='av_textblock_section av-k1bx9zek-964f11605a120b200c2d51448e4338cc '   itemscope=\"itemscope\" itemtype=\"https:\/\/schema.org\/CreativeWork\" ><div class='av-small-hide av-mini-hide avia_textblock'  itemprop=\"text\" ><h1 style=\"text-align: right;\">Kontakt<\/h1>\n<\/div><\/section><br \/>\n<section  class='av_textblock_section av-k1bx9zek-964f11605a120b200c2d51448e4338cc '   itemscope=\"itemscope\" itemtype=\"https:\/\/schema.org\/CreativeWork\" ><div class='av-small-hide av-mini-hide avia_textblock'  itemprop=\"text\" ><p style=\"text-align: right;\">Na\u0161i stru\u010dnjaci su spremni da<br \/>\nodgovore na va\u0161e zahteve.<\/p>\n<p style=\"text-align: right;\">Popunite prilo\u017eeni obrazac!<\/p>\n<\/div><\/section><br \/>\n<section  class='av_textblock_section av-k1bx9zek-65d4bf6925de81d4a42088028c6b331a '   itemscope=\"itemscope\" itemtype=\"https:\/\/schema.org\/CreativeWork\" ><div class='av-desktop-hide av-medium-hide avia_textblock'  itemprop=\"text\" ><h2 style=\"text-align: center;\">Kontakt<\/h2>\n<\/div><\/section><br \/>\n<section  class='av_textblock_section av-k1bx9zek-65d4bf6925de81d4a42088028c6b331a '   itemscope=\"itemscope\" itemtype=\"https:\/\/schema.org\/CreativeWork\" ><div class='av-desktop-hide av-medium-hide avia_textblock'  itemprop=\"text\" ><p style=\"text-align: center;\">Na\u0161i stru\u010dnjaci su spremni da odgovore na va\u0161e zahteve.<br \/>\nPopunite prilo\u017eeni obrazac!<\/p>\n<\/div><\/section><\/p><\/div><div class='av-flex-placeholder'><\/div>\n<style type=\"text\/css\" data-created_by=\"avia_inline_auto\" id=\"style-css-av-27bpw-8fdf8f9aebaf8c8725737570e596bb16\">\n.flex_column.av-27bpw-8fdf8f9aebaf8c8725737570e596bb16{\nborder-radius:0px 0px 0px 0px;\npadding:0px 0px 0px 0px;\n}\n<\/style>\n<div  class='flex_column av-27bpw-8fdf8f9aebaf8c8725737570e596bb16 av_one_half  avia-builder-el-7  el_after_av_two_fifth  avia-builder-el-last  flex_column_table_cell av-equal-height-column av-align-middle av-animated-generic right-to-left av-zero-column-padding  '     ><p><form action=\"https:\/\/euroccoper.ro\/sr\/contact\/\" method=\"post\" data-fields-with-error=\"Found errors in the following field(s):\" class=\"avia_ajax_form av-form-labels-visible   avia-builder-el-8  el_before_av_contact  avia-builder-el-first    av-small-hide av-mini-hide\" data-avia-form-id=\"1\" data-avia-redirect='https:\/\/euroccoper.ro\/sr\/msjtrms\/' ><fieldset><p class='  first_form  form_element form_element_third' id='element_avia_1_1'><label for=\"avia_1_1\">Ime <abbr class=\"required\" title=\"required\">*<\/abbr><\/label> <input name=\"avia_1_1\" class=\"text_input is_empty\" type=\"text\" id=\"avia_1_1\" value=\"\" \/><\/p><p class='  form_element form_element_third' id='element_avia_2_1'><label for=\"avia_2_1\">E-Mail <abbr class=\"required\" title=\"required\">*<\/abbr><\/label> <input name=\"avia_2_1\" class=\"text_input is_empty\" type=\"text\" id=\"avia_2_1\" value=\"\" \/><\/p><p class='  form_element form_element_third' id='element_avia_3_1'><label for=\"avia_3_1\">Telefon <abbr class=\"required\" title=\"required\">*<\/abbr><\/label> <input name=\"avia_3_1\" class=\"text_input is_empty\" type=\"text\" id=\"avia_3_1\" value=\"\" \/><\/p><p class='  first_form  form_element form_fullwidth av-last-visible-form-element' id='element_avia_4_1'><label for=\"avia_4_1\" class=\"textare_label hidden textare_label_avia_4_1\">Poruka<\/label><textarea  name=\"avia_4_1\" class=\"text_area \" cols=\"40\" rows=\"7\" id=\"avia_4_1\" ><\/textarea><\/p><p class=\"hidden\"><input type=\"text\" name=\"avia_5_1\" class=\"hidden \" id=\"avia_5_1\" value=\"\" \/><\/p><p class=\"form_element \"><input type=\"hidden\" value=\"1\" name=\"avia_generated_form1\" \/><input type=\"submit\" value=\"Po\u0161alji\" class=\"button\"  data-sending-label=\"Sending\"\/><\/p><\/fieldset><\/form><div id=\"ajaxresponse_1\" class=\"ajaxresponse ajaxresponse_1 hidden\"><\/div><br \/>\n<form action=\"https:\/\/euroccoper.ro\/sr\/contact\/\" method=\"post\" data-fields-with-error=\"Found errors in the following field(s):\" class=\"avia_ajax_form av-form-labels-visible   avia-builder-el-9  el_after_av_contact  avia-builder-el-last  av-centered-form    av-desktop-hide av-medium-hide\" data-avia-form-id=\"2\" data-avia-redirect='https:\/\/euroccoper.ro\/sr\/msjtrms\/' ><fieldset><p class='  first_form  form_element form_element_third' id='element_avia_1_2'><label for=\"avia_1_2\">Ime<\/label> <input name=\"avia_1_2\" class=\"text_input \" type=\"text\" id=\"avia_1_2\" value=\"\" \/><\/p><p class='  form_element form_element_third' id='element_avia_2_2'><label for=\"avia_2_2\">E-Mail <abbr class=\"required\" title=\"required\">*<\/abbr><\/label> <input name=\"avia_2_2\" class=\"text_input is_empty\" type=\"text\" id=\"avia_2_2\" value=\"\" \/><\/p><p class='  form_element form_element_third' id='element_avia_3_2'><label for=\"avia_3_2\">Telefon <abbr class=\"required\" title=\"required\">*<\/abbr><\/label> <input name=\"avia_3_2\" class=\"text_input is_empty\" type=\"text\" id=\"avia_3_2\" value=\"\" \/><\/p><p class='  first_form  form_element form_fullwidth av-last-visible-form-element' id='element_avia_4_2'><label for=\"avia_4_2\" class=\"textare_label hidden textare_label_avia_4_2\">Poruka<\/label><textarea  name=\"avia_4_2\" class=\"text_area \" cols=\"40\" rows=\"7\" id=\"avia_4_2\" ><\/textarea><\/p><p class=\"hidden\"><input type=\"text\" name=\"avia_5_2\" class=\"hidden \" id=\"avia_5_2\" value=\"\" \/><\/p><p class=\"form_element \"><input type=\"hidden\" value=\"1\" name=\"avia_generated_form2\" \/><input type=\"submit\" value=\"Po\u0161alji\" class=\"button\"  data-sending-label=\"Sending\"\/><\/p><\/fieldset><\/form><div id=\"ajaxresponse_2\" class=\"ajaxresponse ajaxresponse_2 hidden\"><\/div><\/p><\/div><\/div><!--close column table wrapper. Autoclose: 1 --><\/p>\n<\/div><\/div>\n<\/div>\n<div id='av-layout-grid-2'  class='av-layout-grid-container av-k1bxpcb3-c89b6987df6f52db8cc00428da12c9a9 entry-content-wrapper alternate_color av-flex-cells  avia-builder-el-10  el_after_av_layout_row  el_before_av_layout_row  grid-row-not-first  container_wrap fullsize'  >\n\n<style type=\"text\/css\" data-created_by=\"avia_inline_auto\" id=\"style-css-av-k1bxox2x-bd9d57c9ed7160008816b4f99d332b9c\">\n.flex_cell.av-k1bxox2x-bd9d57c9ed7160008816b4f99d332b9c{\nvertical-align:bottom;\n}\n.responsive #top #wrap_all .flex_cell.av-k1bxox2x-bd9d57c9ed7160008816b4f99d332b9c{\npadding:1% 0px 0px 0px !important;\n}\n<\/style>\n<div class='flex_cell av-k1bxox2x-bd9d57c9ed7160008816b4f99d332b9c av-gridrow-cell av_one_full no_margin  avia-builder-el-11  avia-builder-el-no-sibling '  ><div class='flex_cell_inner'><p><div class='flex_column_table av-k1c24kw8-1cb881af76222b051163af739fdcb52c sc-av_one_half av-equal-height-column-flextable'>\n<style type=\"text\/css\" data-created_by=\"avia_inline_auto\" id=\"style-css-av-k1c24kw8-1cb881af76222b051163af739fdcb52c\">\n.flex_column.av-k1c24kw8-1cb881af76222b051163af739fdcb52c{\nborder-radius:0px 0px 0px 0px;\npadding:0px 0px 0px 0px;\n}\n<\/style>\n<div  class='flex_column av-k1c24kw8-1cb881af76222b051163af739fdcb52c av_one_half  avia-builder-el-12  el_before_av_one_half  avia-builder-el-first  first no_margin flex_column_table_cell av-equal-height-column av-align-middle av-animated-generic right-to-left av-zero-column-padding  '     ><\/div>\n<style type=\"text\/css\" data-created_by=\"avia_inline_auto\" id=\"style-css-av-k1c24kw8-f93c49c5e85fc9ab8d5db3ea5000733a\">\n.flex_column.av-k1c24kw8-f93c49c5e85fc9ab8d5db3ea5000733a{\nborder-radius:0px 0px 0px 0px;\npadding:0px 0px 0px 3%;\n}\n<\/style>\n<div  class='flex_column av-k1c24kw8-f93c49c5e85fc9ab8d5db3ea5000733a av_one_half  avia-builder-el-13  el_after_av_one_half  el_before_av_hr  no_margin flex_column_table_cell av-equal-height-column av-align-middle av-animated-generic right-to-left  '     ><style type=\"text\/css\" data-created_by=\"avia_inline_auto\" id=\"style-css-av-k1w6zp73-9c85456844eb15563cd3f1bdf48260e1\">\n.avia-image-container.av-k1w6zp73-9c85456844eb15563cd3f1bdf48260e1 img.avia_image{\nbox-shadow:none;\n}\n.avia-image-container.av-k1w6zp73-9c85456844eb15563cd3f1bdf48260e1 .av-image-caption-overlay-center{\ncolor:#ffffff;\n}\n<\/style>\n<div  class='avia-image-container av-k1w6zp73-9c85456844eb15563cd3f1bdf48260e1 av-styling- avia_animated_image av-animated-when-visible-95 right-to-left avia-align-right  avia-builder-el-14  avia-builder-el-no-sibling '   itemprop=\"image\" itemscope=\"itemscope\" itemtype=\"https:\/\/schema.org\/ImageObject\" ><div class=\"avia-image-container-inner\"><div class=\"avia-image-overlay-wrap\"><img decoding=\"async\" class='wp-image-881 avia-img-lazy-loading-not-881 avia_image ' src=\"https:\/\/euroccoper.ro\/sr\/wp-content\/uploads\/sites\/3\/2020\/03\/logo-simplified-yellow-big.png\" alt='' title='logo-simplified-yellow-big'  height=\"180\" width=\"1500\"  itemprop=\"thumbnailUrl\" srcset=\"https:\/\/euroccoper.ro\/sr\/wp-content\/uploads\/sites\/3\/2020\/03\/logo-simplified-yellow-big.png 1500w, https:\/\/euroccoper.ro\/sr\/wp-content\/uploads\/sites\/3\/2020\/03\/logo-simplified-yellow-big-300x36.png 300w, https:\/\/euroccoper.ro\/sr\/wp-content\/uploads\/sites\/3\/2020\/03\/logo-simplified-yellow-big-1030x124.png 1030w, https:\/\/euroccoper.ro\/sr\/wp-content\/uploads\/sites\/3\/2020\/03\/logo-simplified-yellow-big-768x92.png 768w, https:\/\/euroccoper.ro\/sr\/wp-content\/uploads\/sites\/3\/2020\/03\/logo-simplified-yellow-big-705x85.png 705w\" sizes=\"(max-width: 1500px) 100vw, 1500px\" \/><\/div><\/div><\/div><\/div><\/div><!--close column table wrapper. Autoclose: 1 -->\n<style type=\"text\/css\" data-created_by=\"avia_inline_auto\" id=\"style-css-av-k1bxnd0z-bacf356a81f82032e7da5d4d03981ea2\">\n#top .hr.av-k1bxnd0z-bacf356a81f82032e7da5d4d03981ea2{\nmargin-top:0;\nmargin-bottom:0;\n}\n.hr.av-k1bxnd0z-bacf356a81f82032e7da5d4d03981ea2 .hr-inner{\nwidth:75%;\n}\n<\/style>\n<div  class='hr av-k1bxnd0z-bacf356a81f82032e7da5d4d03981ea2 hr-custom  avia-builder-el-15  el_after_av_one_half  avia-builder-el-last  hr-right hr-icon-no'><span class='hr-inner inner-border-av-border-fat'><span class=\"hr-inner-style\"><\/span><\/span><\/div><\/p>\n<\/div><\/div>\n<\/div>\n<div id='av-layout-grid-3'  class='av-layout-grid-container av-rmb57-58e0f51eeabee4f45b155363cc9a05db entry-content-wrapper alternate_color av-flex-cells  avia-builder-el-16  el_after_av_layout_row  el_before_av_layout_row  grid-row-not-first  container_wrap fullsize'  >\n\n<style type=\"text\/css\" data-created_by=\"avia_inline_auto\" id=\"style-css-av-kdwwz-ed119cc39aea4323dd5bde7622ab41fe\">\n.flex_cell.av-kdwwz-ed119cc39aea4323dd5bde7622ab41fe{\nvertical-align:top;\nbackground:url(https:\/\/euroccoper.ro\/sr\/wp-content\/uploads\/sites\/3\/2020\/04\/euroccoper-iso-contact-v2-01.png) 0% 0% no-repeat fixed ;\n}\n.responsive #top #wrap_all .flex_cell.av-kdwwz-ed119cc39aea4323dd5bde7622ab41fe{\npadding:0px 0px 0px 0px !important;\n}\n<\/style>\n<div class='flex_cell av-kdwwz-ed119cc39aea4323dd5bde7622ab41fe av-gridrow-cell av_two_fifth no_margin  avia-builder-el-17  el_before_av_cell_three_fifth  avia-builder-el-first  av-zero-padding avia-full-stretch'  ><div class='flex_cell_inner'><\/div><\/div>\n<style type=\"text\/css\" data-created_by=\"avia_inline_auto\" id=\"style-css-av-hssaj-52bb5ee7d8ea384a10f280247a923a9e\">\n.flex_cell.av-hssaj-52bb5ee7d8ea384a10f280247a923a9e{\nvertical-align:top;\n}\n.responsive #top #wrap_all .flex_cell.av-hssaj-52bb5ee7d8ea384a10f280247a923a9e{\npadding:5% 10% 5% 5% !important;\n}\n<\/style>\n<div class='flex_cell av-hssaj-52bb5ee7d8ea384a10f280247a923a9e av-gridrow-cell av_three_fifth no_margin  avia-builder-el-18  el_after_av_cell_two_fifth  avia-builder-el-last '  ><div class='flex_cell_inner'><div class='flex_column_table av-77t0j-34ab6695089cfc8dc10a40b823037312 sc-av_one_full av-equal-height-column-flextable'>\n<style type=\"text\/css\" data-created_by=\"avia_inline_auto\" id=\"style-css-av-77t0j-34ab6695089cfc8dc10a40b823037312\">\n.flex_column.av-77t0j-34ab6695089cfc8dc10a40b823037312{\nborder-radius:0px 0px 0px 0px;\npadding:0px 0px 0px 0px;\n}\n<\/style>\n<div  class='flex_column av-77t0j-34ab6695089cfc8dc10a40b823037312 av_one_full  avia-builder-el-19  avia-builder-el-no-sibling  first flex_column_table_cell av-equal-height-column av-align-top av-zero-column-padding  '     ><section  class='av_textblock_section av-k2284xhh-73183a8787e97aded99c482499a28478 '   itemscope=\"itemscope\" itemtype=\"https:\/\/schema.org\/CreativeWork\" ><div class='avia_textblock'  itemprop=\"text\" ><p style=\"text-align: left;\"><strong>SEDI\u0160TE U TEMI\u0160VARU<\/strong><br \/>\nTemi\u0161var, DJ 216, INTERSECTIA 4<br \/>\n(Raskrsnica izme\u0111u DN 69 Smer Arad sa DJ 216 Smer S\u00c2NANDREI)<br \/>\nTelefon: 0040-256-380720<br \/>\nE-mail: office@euroccoper.ro<\/p>\n<p style=\"text-align: left;\"><strong>ODELJENJA ZA PRODAJU<\/strong><br \/>\nTelefon: 0040-256-380727<br \/>\nE-mail: contact@euroccoper.ro<\/p>\n<\/div><\/section><\/div><\/div><!--close column table wrapper. Autoclose: 1 -->\n<\/div><\/div>\n<\/div>\n<div id='av-layout-grid-4'  class='av-layout-grid-container av-24nnk-41c40746b7395228a0f5f84cccd12c18 entry-content-wrapper alternate_color av-flex-cells  avia-builder-el-21  el_after_av_layout_row  avia-builder-el-last  grid-row-not-first  container_wrap fullsize'  >\n\n<style type=\"text\/css\" data-created_by=\"avia_inline_auto\" id=\"style-css-av-k1b4bosm-78a5b6771c7844d5b73de6c3fa53f537\">\n.flex_cell.av-k1b4bosm-78a5b6771c7844d5b73de6c3fa53f537{\nvertical-align:top;\n}\n.responsive #top #wrap_all .flex_cell.av-k1b4bosm-78a5b6771c7844d5b73de6c3fa53f537{\npadding:0px 0px 0px 0px !important;\n}\n<\/style>\n<div class='flex_cell av-k1b4bosm-78a5b6771c7844d5b73de6c3fa53f537 av-gridrow-cell av_one_full no_margin  avia-builder-el-22  avia-builder-el-no-sibling  av-zero-padding'  ><div class='flex_cell_inner'>\n<\/div><\/div>\n<\/div>\n","protected":false},"excerpt":{"rendered":"","protected":false},"author":1,"featured_media":0,"parent":0,"menu_order":0,"comment_status":"closed","ping_status":"closed","template":"","meta":{"footnotes":""},"class_list":["post-507","page","type-page","status-publish","hentry"],"yoast_head":"<!-- This site is optimized with the Yoast SEO plugin v25.6 - https:\/\/yoast.com\/wordpress\/plugins\/seo\/ -->\n<title>Kontakt EUROCCOPER | 0040 256 380720 | contact@euroccoper.ro<\/title>\n<meta name=\"description\" content=\"Na\u0161i stru\u010dnjaci su spremni da odgovore na va\u0161e zahteve. SEDI\u0160TE TIMI\u0160VARE, DJ 216, presek 4.\" \/>\n<meta name=\"robots\" content=\"index, follow, max-snippet:-1, max-image-preview:large, max-video-preview:-1\" \/>\n<link rel=\"canonical\" href=\"https:\/\/euroccoper.ro\/sr\/contact\/\" \/>\n<meta property=\"og:locale\" content=\"en_US\" \/>\n<meta property=\"og:type\" content=\"article\" \/>\n<meta property=\"og:title\" content=\"Kontakt EUROCCOPER | 0040 256 380720 | contact@euroccoper.ro\" \/>\n<meta property=\"og:description\" content=\"Na\u0161i stru\u010dnjaci su spremni da odgovore na va\u0161e zahteve. SEDI\u0160TE TIMI\u0160VARE, DJ 216, presek 4.\" \/>\n<meta property=\"og:url\" content=\"https:\/\/euroccoper.ro\/sr\/contact\/\" \/>\n<meta property=\"og:site_name\" content=\"S\u00e2rb\u0103\" \/>\n<meta property=\"article:modified_time\" content=\"2022-11-03T10:50:02+00:00\" \/>\n<meta property=\"og:image\" content=\"https:\/\/euroccoper.ro\/sr\/wp-content\/uploads\/sites\/3\/2020\/06\/FB-OG-01.png\" \/>\n\t<meta property=\"og:image:width\" content=\"2500\" \/>\n\t<meta property=\"og:image:height\" content=\"1313\" \/>\n\t<meta property=\"og:image:type\" content=\"image\/png\" \/>\n<meta name=\"twitter:card\" content=\"summary_large_image\" \/>\n<script type=\"application\/ld+json\" class=\"yoast-schema-graph\">{\"@context\":\"https:\/\/schema.org\",\"@graph\":[{\"@type\":\"WebPage\",\"@id\":\"https:\/\/euroccoper.ro\/sr\/contact\/\",\"url\":\"https:\/\/euroccoper.ro\/sr\/contact\/\",\"name\":\"Kontakt EUROCCOPER | 0040 256 380720 | contact@euroccoper.ro\",\"isPartOf\":{\"@id\":\"https:\/\/euroccoper.ro\/sr\/#website\"},\"datePublished\":\"2019-10-22T18:28:49+00:00\",\"dateModified\":\"2022-11-03T10:50:02+00:00\",\"description\":\"Na\u0161i stru\u010dnjaci su spremni da odgovore na va\u0161e zahteve. SEDI\u0160TE TIMI\u0160VARE, DJ 216, presek 4.\",\"breadcrumb\":{\"@id\":\"https:\/\/euroccoper.ro\/sr\/contact\/#breadcrumb\"},\"inLanguage\":\"en-US\",\"potentialAction\":[{\"@type\":\"ReadAction\",\"target\":[\"https:\/\/euroccoper.ro\/sr\/contact\/\"]}]},{\"@type\":\"BreadcrumbList\",\"@id\":\"https:\/\/euroccoper.ro\/sr\/contact\/#breadcrumb\",\"itemListElement\":[{\"@type\":\"ListItem\",\"position\":1,\"name\":\"Home\",\"item\":\"https:\/\/euroccoper.ro\/sr\/logistica-vama-transport\/\"},{\"@type\":\"ListItem\",\"position\":2,\"name\":\"KONTAKT\"}]},{\"@type\":\"WebSite\",\"@id\":\"https:\/\/euroccoper.ro\/sr\/#website\",\"url\":\"https:\/\/euroccoper.ro\/sr\/\",\"name\":\"S\u00e2rb\u0103\",\"description\":\"Solu\u021bii logistice integrate\",\"potentialAction\":[{\"@type\":\"SearchAction\",\"target\":{\"@type\":\"EntryPoint\",\"urlTemplate\":\"https:\/\/euroccoper.ro\/sr\/?s={search_term_string}\"},\"query-input\":{\"@type\":\"PropertyValueSpecification\",\"valueRequired\":true,\"valueName\":\"search_term_string\"}}],\"inLanguage\":\"en-US\"}]}<\/script>\n<!-- \/ Yoast SEO plugin. -->","yoast_head_json":{"title":"Kontakt EUROCCOPER | 0040 256 380720 | contact@euroccoper.ro","description":"Na\u0161i stru\u010dnjaci su spremni da odgovore na va\u0161e zahteve. SEDI\u0160TE TIMI\u0160VARE, DJ 216, presek 4.","robots":{"index":"index","follow":"follow","max-snippet":"max-snippet:-1","max-image-preview":"max-image-preview:large","max-video-preview":"max-video-preview:-1"},"canonical":"https:\/\/euroccoper.ro\/sr\/contact\/","og_locale":"en_US","og_type":"article","og_title":"Kontakt EUROCCOPER | 0040 256 380720 | contact@euroccoper.ro","og_description":"Na\u0161i stru\u010dnjaci su spremni da odgovore na va\u0161e zahteve. SEDI\u0160TE TIMI\u0160VARE, DJ 216, presek 4.","og_url":"https:\/\/euroccoper.ro\/sr\/contact\/","og_site_name":"S\u00e2rb\u0103","article_modified_time":"2022-11-03T10:50:02+00:00","og_image":[{"width":2500,"height":1313,"url":"https:\/\/euroccoper.ro\/sr\/wp-content\/uploads\/sites\/3\/2020\/06\/FB-OG-01.png","type":"image\/png"}],"twitter_card":"summary_large_image","schema":{"@context":"https:\/\/schema.org","@graph":[{"@type":"WebPage","@id":"https:\/\/euroccoper.ro\/sr\/contact\/","url":"https:\/\/euroccoper.ro\/sr\/contact\/","name":"Kontakt EUROCCOPER | 0040 256 380720 | contact@euroccoper.ro","isPartOf":{"@id":"https:\/\/euroccoper.ro\/sr\/#website"},"datePublished":"2019-10-22T18:28:49+00:00","dateModified":"2022-11-03T10:50:02+00:00","description":"Na\u0161i stru\u010dnjaci su spremni da odgovore na va\u0161e zahteve. SEDI\u0160TE TIMI\u0160VARE, DJ 216, presek 4.","breadcrumb":{"@id":"https:\/\/euroccoper.ro\/sr\/contact\/#breadcrumb"},"inLanguage":"en-US","potentialAction":[{"@type":"ReadAction","target":["https:\/\/euroccoper.ro\/sr\/contact\/"]}]},{"@type":"BreadcrumbList","@id":"https:\/\/euroccoper.ro\/sr\/contact\/#breadcrumb","itemListElement":[{"@type":"ListItem","position":1,"name":"Home","item":"https:\/\/euroccoper.ro\/sr\/logistica-vama-transport\/"},{"@type":"ListItem","position":2,"name":"KONTAKT"}]},{"@type":"WebSite","@id":"https:\/\/euroccoper.ro\/sr\/#website","url":"https:\/\/euroccoper.ro\/sr\/","name":"S\u00e2rb\u0103","description":"Solu\u021bii logistice integrate","potentialAction":[{"@type":"SearchAction","target":{"@type":"EntryPoint","urlTemplate":"https:\/\/euroccoper.ro\/sr\/?s={search_term_string}"},"query-input":{"@type":"PropertyValueSpecification","valueRequired":true,"valueName":"search_term_string"}}],"inLanguage":"en-US"}]}},"_links":{"self":[{"href":"https:\/\/euroccoper.ro\/sr\/wp-json\/wp\/v2\/pages\/507"}],"collection":[{"href":"https:\/\/euroccoper.ro\/sr\/wp-json\/wp\/v2\/pages"}],"about":[{"href":"https:\/\/euroccoper.ro\/sr\/wp-json\/wp\/v2\/types\/page"}],"author":[{"embeddable":true,"href":"https:\/\/euroccoper.ro\/sr\/wp-json\/wp\/v2\/users\/1"}],"replies":[{"embeddable":true,"href":"https:\/\/euroccoper.ro\/sr\/wp-json\/wp\/v2\/comments?post=507"}],"version-history":[{"count":0,"href":"https:\/\/euroccoper.ro\/sr\/wp-json\/wp\/v2\/pages\/507\/revisions"}],"wp:attachment":[{"href":"https:\/\/euroccoper.ro\/sr\/wp-json\/wp\/v2\/media?parent=507"}],"curies":[{"name":"wp","href":"https:\/\/api.w.org\/{rel}","templated":true}]}}